{"id":1078,"date":"2016-07-19T18:46:46","date_gmt":"2016-07-19T18:46:46","guid":{"rendered":"http:\/\/haldenfrikirke.no\/?page_id=1078"},"modified":"2018-01-25T09:01:35","modified_gmt":"2018-01-25T09:01:35","slug":"jubileumsgave","status":"publish","type":"page","link":"https:\/\/haldenfrikirke.no\/?page_id=1078","title":{"rendered":"Jubileumsgave"},"content":{"rendered":"<p>Hva gir man til en som har det meste? Eller til den som har alt?<\/p>\n<p>En jubileumsgave til Halden Frikirke kan v\u00e6re et fint alternativ. Mange velger \u00e5 oppfordre sine gjester til \u00e5 gi gaven til et ideelt form\u00e5l. Det blir dobbel glede n\u00e5r man kan feire begivenheten og samtidig f\u00e5 lov til \u00e5 bidra til arbeidet som gj\u00f8res i v\u00e5r menighet.<\/p>\n<p>Dersom jubilanten \u00f8nsker det, kan han\/hun be giverne \u00f8remerke gaven til en spesifikk del av menighetens virksomhet. Etter den store dagen vil vi sende jubilanten et gratulasjonsbrev fra Halden Frikirke med oversikt over alle som har gitt gaver i forbindelse med jubileet. Brevet inkluderer det totale bel\u00f8pet fra alle giverne til sammen, men ikke hvert enkelt gavebel\u00f8p.<\/p>\n<p>Det er viktig at giverne bes om \u00e5 merke innbetalingen med f\u00f8lgende:<br \/>\n\u2022 navn p\u00e5 jubilanten<br \/>\n\u2022 type jubileum (f.eks. 50-\u00e5rsdag)<br \/>\n\u2022 dato for anledningen<br \/>\n\u2022 om gaven er \u00f8remerket, og i s\u00e5 fall til hva<br \/>\n\u2022 navn p\u00e5 giver<\/p>\n<p>Benytt kontonummer 1030 05 00574.<\/p>\n<p>Ved sp\u00f8rsm\u00e5l, ta kontakt med Halden Frikirke p\u00e5 telefon 69182379 eller send en e-post til <a href=\"mailto:halden@frikirken.no\">halden@frikirken.no<\/a>.<\/p>\n<p>Vi takker for din gave!<\/p>\n","protected":false},"excerpt":{"rendered":"<p>Hva gir man til en som har det meste? Eller til den som har alt? En jubileumsgave til Halden Frikirke kan v\u00e6re et fint alternativ. Mange velger \u00e5 oppfordre sine &hellip; <a href=\"https:\/\/haldenfrikirke.no\/?page_id=1078\" class=\"more-link\">Fortsett \u00e5 lese <span class=\"screen-reader-text\">Jubileumsgave<\/span> <span class=\"meta-nav\">&rarr;<\/span><\/a><\/p>\n","protected":false},"author":1,"featured_media":0,"parent":0,"menu_order":0,"comment_status":"closed","ping_status":"closed","template":"","meta":[],"_links":{"self":[{"href":"https:\/\/haldenfrikirke.no\/index.php?rest_route=\/wp\/v2\/pages\/1078"}],"collection":[{"href":"https:\/\/haldenfrikirke.no\/index.php?rest_route=\/wp\/v2\/pages"}],"about":[{"href":"https:\/\/haldenfrikirke.no\/index.php?rest_route=\/wp\/v2\/types\/page"}],"author":[{"embeddable":true,"href":"https:\/\/haldenfrikirke.no\/index.php?rest_route=\/wp\/v2\/users\/1"}],"replies":[{"embeddable":true,"href":"https:\/\/haldenfrikirke.no\/index.php?rest_route=%2Fwp%2Fv2%2Fcomments&post=1078"}],"version-history":[{"count":3,"href":"https:\/\/haldenfrikirke.no\/index.php?rest_route=\/wp\/v2\/pages\/1078\/revisions"}],"predecessor-version":[{"id":2007,"href":"https:\/\/haldenfrikirke.no\/index.php?rest_route=\/wp\/v2\/pages\/1078\/revisions\/2007"}],"wp:attachment":[{"href":"https:\/\/haldenfrikirke.no\/index.php?rest_route=%2Fwp%2Fv2%2Fmedia&parent=1078"}],"curies":[{"name":"wp","href":"https:\/\/api.w.org\/{rel}","templated":true}]}}