{"id":108,"date":"2013-11-18T19:22:41","date_gmt":"2013-11-18T18:22:41","guid":{"rendered":"http:\/\/haldenfrikirke.wordpress.com\/?page_id=108"},"modified":"2015-08-21T10:21:04","modified_gmt":"2015-08-21T10:21:04","slug":"om-oss","status":"publish","type":"page","link":"https:\/\/haldenfrikirke.no\/?page_id=108","title":{"rendered":"Om oss"},"content":{"rendered":"<p>Her kan du lese mer om Halden Frikirke:<\/p>\n<ul>\n<li><a href=\"http:\/\/haldenfrikirke.no\/?page_id=375\">Adresse og parkering<\/a><\/li>\n<li><a title=\"Om menigheten\" href=\"http:\/\/haldenfrikirke.no\/?page_id=264\">Om menigheten<\/a><\/li>\n<li><a title=\"Historie\" href=\"http:\/\/haldenfrikirke.no\/?page_id=53\">Historie<\/a><\/li>\n<li><a title=\"Kirkebygget\" href=\"http:\/\/haldenfrikirke.no\/?page_id=55\">Kirkebygget<\/a><\/li>\n<li><a title=\"Ofte stilte sp\u00f8rsm\u00e5l\" href=\"http:\/\/haldenfrikirke.no\/?page_id=142\">Ofte stilte sp\u00f8rsm\u00e5l<\/a><\/li>\n<li><a title=\"Utleie\" href=\"http:\/\/haldenfrikirke.no\/?page_id=267\">Utleie<\/a><\/li>\n<li><a title=\"Ytterb\u00f8l Senter\" href=\"http:\/\/haldenfrikirke.no\/?page_id=57\">Ytterb\u00f8l Senter<\/a><\/li>\n<\/ul>\n","protected":false},"excerpt":{"rendered":"<p>Her kan du lese mer om Halden Frikirke: Adresse og parkering Om menigheten Historie Kirkebygget Ofte stilte sp\u00f8rsm\u00e5l Utleie Ytterb\u00f8l Senter<\/p>\n","protected":false},"author":1,"featured_media":0,"parent":0,"menu_order":0,"comment_status":"closed","ping_status":"closed","template":"","meta":[],"_links":{"self":[{"href":"https:\/\/haldenfrikirke.no\/index.php?rest_route=\/wp\/v2\/pages\/108"}],"collection":[{"href":"https:\/\/haldenfrikirke.no\/index.php?rest_route=\/wp\/v2\/pages"}],"about":[{"href":"https:\/\/haldenfrikirke.no\/index.php?rest_route=\/wp\/v2\/types\/page"}],"author":[{"embeddable":true,"href":"https:\/\/haldenfrikirke.no\/index.php?rest_route=\/wp\/v2\/users\/1"}],"replies":[{"embeddable":true,"href":"https:\/\/haldenfrikirke.no\/index.php?rest_route=%2Fwp%2Fv2%2Fcomments&post=108"}],"version-history":[{"count":5,"href":"https:\/\/haldenfrikirke.no\/index.php?rest_route=\/wp\/v2\/pages\/108\/revisions"}],"predecessor-version":[{"id":694,"href":"https:\/\/haldenfrikirke.no\/index.php?rest_route=\/wp\/v2\/pages\/108\/revisions\/694"}],"wp:attachment":[{"href":"https:\/\/haldenfrikirke.no\/index.php?rest_route=%2Fwp%2Fv2%2Fmedia&parent=108"}],"curies":[{"name":"wp","href":"https:\/\/api.w.org\/{rel}","templated":true}]}}