{"id":111,"date":"2013-11-18T19:40:40","date_gmt":"2013-11-18T18:40:40","guid":{"rendered":"http:\/\/haldenfrikirke.wordpress.com\/?page_id=111"},"modified":"2015-08-20T18:24:01","modified_gmt":"2015-08-20T18:24:01","slug":"barn-og-unge","status":"publish","type":"page","link":"https:\/\/haldenfrikirke.no\/?page_id=111","title":{"rendered":"Barn og unge"},"content":{"rendered":"<p>Les mer om v\u00e5re aktiviteter\/tilbud for barn og unge i Halden Frikirke:<\/p>\n<ul>\n<li><a href=\"http:\/\/haldenfrikirke.no\/?page_id=113\">S\u00f8ndagsskolen<\/a>: 3-14 \u00e5r<\/li>\n<li><a href=\"http:\/\/haldenfrikirke.no\/?page_id=28\">Yngres<\/a>: 5-12 \u00e5r<\/li>\n<li><a href=\"http:\/\/haldenfrikirke.no\/?page_id=214\">Tweens<\/a>: 10-14 \u00e5r<\/li>\n<li><a href=\"http:\/\/haldenfrikirke.no\/?page_id=115\">Halden Soul Children<\/a>: 10-16 \u00e5r<\/li>\n<li><a href=\"http:\/\/haldenfrikirke.no\/?page_id=59\">Frikveld<\/a>: 8. klasse og oppover<\/li>\n<li><a href=\"http:\/\/haldenfrikirke.no\/?page_id=82\">Konfirmasjon<\/a>: 9. klasse<\/li>\n<\/ul>\n","protected":false},"excerpt":{"rendered":"<p>Les mer om v\u00e5re aktiviteter\/tilbud for barn og unge i Halden Frikirke: S\u00f8ndagsskolen: 3-14 \u00e5r Yngres: 5-12 \u00e5r Tweens: 10-14 \u00e5r Halden Soul Children: 10-16 \u00e5r Frikveld: 8. klasse og &hellip; <a href=\"https:\/\/haldenfrikirke.no\/?page_id=111\" class=\"more-link\">Fortsett \u00e5 lese <span class=\"screen-reader-text\">Barn og unge<\/span> <span class=\"meta-nav\">&rarr;<\/span><\/a><\/p>\n","protected":false},"author":1,"featured_media":0,"parent":0,"menu_order":0,"comment_status":"closed","ping_status":"open","template":"","meta":[],"_links":{"self":[{"href":"https:\/\/haldenfrikirke.no\/index.php?rest_route=\/wp\/v2\/pages\/111"}],"collection":[{"href":"https:\/\/haldenfrikirke.no\/index.php?rest_route=\/wp\/v2\/pages"}],"about":[{"href":"https:\/\/haldenfrikirke.no\/index.php?rest_route=\/wp\/v2\/types\/page"}],"author":[{"embeddable":true,"href":"https:\/\/haldenfrikirke.no\/index.php?rest_route=\/wp\/v2\/users\/1"}],"replies":[{"embeddable":true,"href":"https:\/\/haldenfrikirke.no\/index.php?rest_route=%2Fwp%2Fv2%2Fcomments&post=111"}],"version-history":[{"count":5,"href":"https:\/\/haldenfrikirke.no\/index.php?rest_route=\/wp\/v2\/pages\/111\/revisions"}],"predecessor-version":[{"id":673,"href":"https:\/\/haldenfrikirke.no\/index.php?rest_route=\/wp\/v2\/pages\/111\/revisions\/673"}],"wp:attachment":[{"href":"https:\/\/haldenfrikirke.no\/index.php?rest_route=%2Fwp%2Fv2%2Fmedia&parent=111"}],"curies":[{"name":"wp","href":"https:\/\/api.w.org\/{rel}","templated":true}]}}