{"id":113,"date":"2013-11-18T19:43:08","date_gmt":"2013-11-18T18:43:08","guid":{"rendered":"http:\/\/haldenfrikirke.wordpress.com\/?page_id=113"},"modified":"2024-03-03T13:58:57","modified_gmt":"2024-03-03T13:58:57","slug":"sondagsskole","status":"publish","type":"page","link":"https:\/\/haldenfrikirke.no\/?page_id=113","title":{"rendered":"S\u00f8ndagsskolen"},"content":{"rendered":"<h4>Hva<\/h4>\n<p>S\u00f8ndagsskolen har to barnegrupper som samles under menighetens gudstjeneste.\u00a0 Mottoet er &laquo;Jesus til barna&raquo;, og det er virkelig s\u00f8ndagsskolens store oppgave: \u00c5 videreformidle fortellingen om Jesus Kristus til stadig nye generasjoner slik at det ikke bare blir fortellinger og historier, men blir relevant for vanlige barn som lever vanlige liv.<\/p>\n<h4>For hvem<\/h4>\n<p>Den yngste gruppen: Undervisningen er rettet mot barn fra 3 \u00e5r til 4. klasse. Barn under 3 \u00e5r er hjertelig velkommen i f\u00f8lge med en voksen. (*OBS! Under covid-19-pandemien ber vi om at barn under skolealder f\u00f8lges av en voksen.)<br \/>\nDen eldste gruppen: Fra 5. klasse og oppover.<\/p>\n<p><img loading=\"lazy\" class=\"alignnone wp-image-359 size-large\" src=\"http:\/\/haldenfrikirke.no\/wp-content\/uploads\/2013\/11\/S\u00f8ndagsskole-724x1024.jpg\" alt=\"Tre bilder fra s\u00f8ndagsskolen. Foto.\" width=\"474\" height=\"670\" srcset=\"https:\/\/haldenfrikirke.no\/wp-content\/uploads\/2013\/11\/S\u00f8ndagsskole-724x1024.jpg 724w, https:\/\/haldenfrikirke.no\/wp-content\/uploads\/2013\/11\/S\u00f8ndagsskole-212x300.jpg 212w\" sizes=\"(max-width: 474px) 100vw, 474px\" \/><\/p>\n<h4>Hvor og n\u00e5r<\/h4>\n<p>Under de fleste gudstjenester. Etter en introduksjon et lite stykke ut i gudstjenesten, g\u00e5r barna ut til s\u00f8ndagsskolen.<br \/>\nV\u00e5ren 2024: 14. og 28. januar, 4. februar, 3. og 17. mars, 14., 21. og 28. april, 12. og 26. mai. I tillegg er det juletrefest 7.januar, og familiegudstjeneste 11.februar, 7. april og 5. mai.\u00a0 P\u00e5 \u00c5rsfesten 10. mars 17.00 blir det TV-TRO ved de st\u00f8rste barna, og\u00a0 ellers opplegg for hele familien.<\/p>\n<h4>Annen info<\/h4>\n<p>S\u00f8ndagsskolen er \u00e5pen for alle i m\u00e5lgruppen, og det koster ingenting \u00e5 v\u00e6re med. Vi oppfordrer samtidig de som kommer fast, til \u00e5 betale en medlemskontingent p\u00e5 50 kroner i \u00e5ret. Kontingenten skal betales til konto 1030 07 87083 innen 31. desember.<\/p>\n<h4>Smittevern<\/h4>\n<p><a href=\"http:\/\/haldenfrikirke.no\/?page_id=3325\">Smittevernveilederen til s\u00f8ndagsskolen kan lastes ned her.<\/a><\/p>\n<h4>Kontaktperson<\/h4>\n<p>Per \u00d8yvind Fange, 481 93 233, Mail: per.fange@gmail.com<\/p>\n","protected":false},"excerpt":{"rendered":"<p>Hva S\u00f8ndagsskolen har to barnegrupper som samles under menighetens gudstjeneste.\u00a0 Mottoet er &laquo;Jesus til barna&raquo;, og det er virkelig s\u00f8ndagsskolens store oppgave: \u00c5 videreformidle fortellingen om Jesus Kristus til stadig &hellip; <a href=\"https:\/\/haldenfrikirke.no\/?page_id=113\" class=\"more-link\">Fortsett \u00e5 lese <span class=\"screen-reader-text\">S\u00f8ndagsskolen<\/span> <span class=\"meta-nav\">&rarr;<\/span><\/a><\/p>\n","protected":false},"author":1,"featured_media":0,"parent":111,"menu_order":0,"comment_status":"closed","ping_status":"open","template":"","meta":[],"_links":{"self":[{"href":"https:\/\/haldenfrikirke.no\/index.php?rest_route=\/wp\/v2\/pages\/113"}],"collection":[{"href":"https:\/\/haldenfrikirke.no\/index.php?rest_route=\/wp\/v2\/pages"}],"about":[{"href":"https:\/\/haldenfrikirke.no\/index.php?rest_route=\/wp\/v2\/types\/page"}],"author":[{"embeddable":true,"href":"https:\/\/haldenfrikirke.no\/index.php?rest_route=\/wp\/v2\/users\/1"}],"replies":[{"embeddable":true,"href":"https:\/\/haldenfrikirke.no\/index.php?rest_route=%2Fwp%2Fv2%2Fcomments&post=113"}],"version-history":[{"count":22,"href":"https:\/\/haldenfrikirke.no\/index.php?rest_route=\/wp\/v2\/pages\/113\/revisions"}],"predecessor-version":[{"id":4909,"href":"https:\/\/haldenfrikirke.no\/index.php?rest_route=\/wp\/v2\/pages\/113\/revisions\/4909"}],"up":[{"embeddable":true,"href":"https:\/\/haldenfrikirke.no\/index.php?rest_route=\/wp\/v2\/pages\/111"}],"wp:attachment":[{"href":"https:\/\/haldenfrikirke.no\/index.php?rest_route=%2Fwp%2Fv2%2Fmedia&parent=113"}],"curies":[{"name":"wp","href":"https:\/\/api.w.org\/{rel}","templated":true}]}}