{"id":214,"date":"2014-11-28T20:47:34","date_gmt":"2014-11-28T20:47:34","guid":{"rendered":"http:\/\/haldenfrikirke.no\/?page_id=214"},"modified":"2026-01-05T14:05:05","modified_gmt":"2026-01-05T14:05:05","slug":"tweens","status":"publish","type":"page","link":"https:\/\/haldenfrikirke.no\/?page_id=214","title":{"rendered":"Tweens"},"content":{"rendered":"<h4>Velkommen til Tweens<\/h4>\n<p>Tweens er et samlingssted for barn i alderen\u00a0 5-7 klasse.<\/p>\n<p>Vi samles annenhver fredag i kirken og kveldene best\u00e5r av lek, konkurranser, aktiviteter og en samling der vi har en andakt.<\/p>\n<p>Vi \u00f8nsker at &laquo;Tweensa&raquo; skal bli bedre kjent med Jesus og f\u00e5 et levende forhold til ham, og l\u00e6re \u00e5 leve med troen som en naturlig del av hverdagen.<\/p>\n<p><em><strong>Alle samlinger er p\u00e5 fredager kl 17.30 &#8211; 19.00 i kirken.<\/strong><\/em><\/p>\n<p><strong>Husk:\u00a0<\/strong> Hver fredag etter Tweens er det Tacomiddag for hele familien fra kl 19.00 &#8211; 20.00 .<\/p>\n<p>Meld p\u00e5 antall personer til Lone Falch ( 41248802) innen onsdag samme uke.<\/p>\n<p><strong>Kontaktpersoner:<\/strong><\/p>\n<p>Thomas Breda tlf 911 93 269<br \/>\nRenate Breda tlf 959 77 986<br \/>\nLone Bjerke Falch tlf 412 48 802<br \/>\nPetter Bjerke Falch tlf 472 39 186<\/p>\n","protected":false},"excerpt":{"rendered":"<p>Velkommen til Tweens Tweens er et samlingssted for barn i alderen\u00a0 5-7 klasse. Vi samles annenhver fredag i kirken og kveldene best\u00e5r av lek, konkurranser, aktiviteter og en samling der &hellip; <a href=\"https:\/\/haldenfrikirke.no\/?page_id=214\" class=\"more-link\">Fortsett \u00e5 lese <span class=\"screen-reader-text\">Tweens<\/span> <span class=\"meta-nav\">&rarr;<\/span><\/a><\/p>\n","protected":false},"author":1,"featured_media":5406,"parent":111,"menu_order":0,"comment_status":"closed","ping_status":"open","template":"","meta":[],"_links":{"self":[{"href":"https:\/\/haldenfrikirke.no\/index.php?rest_route=\/wp\/v2\/pages\/214"}],"collection":[{"href":"https:\/\/haldenfrikirke.no\/index.php?rest_route=\/wp\/v2\/pages"}],"about":[{"href":"https:\/\/haldenfrikirke.no\/index.php?rest_route=\/wp\/v2\/types\/page"}],"author":[{"embeddable":true,"href":"https:\/\/haldenfrikirke.no\/index.php?rest_route=\/wp\/v2\/users\/1"}],"replies":[{"embeddable":true,"href":"https:\/\/haldenfrikirke.no\/index.php?rest_route=%2Fwp%2Fv2%2Fcomments&post=214"}],"version-history":[{"count":31,"href":"https:\/\/haldenfrikirke.no\/index.php?rest_route=\/wp\/v2\/pages\/214\/revisions"}],"predecessor-version":[{"id":6094,"href":"https:\/\/haldenfrikirke.no\/index.php?rest_route=\/wp\/v2\/pages\/214\/revisions\/6094"}],"up":[{"embeddable":true,"href":"https:\/\/haldenfrikirke.no\/index.php?rest_route=\/wp\/v2\/pages\/111"}],"wp:featuredmedia":[{"embeddable":true,"href":"https:\/\/haldenfrikirke.no\/index.php?rest_route=\/wp\/v2\/media\/5406"}],"wp:attachment":[{"href":"https:\/\/haldenfrikirke.no\/index.php?rest_route=%2Fwp%2Fv2%2Fmedia&parent=214"}],"curies":[{"name":"wp","href":"https:\/\/api.w.org\/{rel}","templated":true}]}}