{"id":264,"date":"2014-12-30T13:26:04","date_gmt":"2014-12-30T13:26:04","guid":{"rendered":"http:\/\/haldenfrikirke.no\/?page_id=264"},"modified":"2015-08-23T18:17:15","modified_gmt":"2015-08-23T18:17:15","slug":"om-menigheten","status":"publish","type":"page","link":"https:\/\/haldenfrikirke.no\/?page_id=264","title":{"rendered":"Om menigheten i dag"},"content":{"rendered":"<p style=\"text-align: left;\">Halden Frikirke\u00a0er en del av et landsomfattende kirkesamfunn. <a title=\"Frikirken sentralt\" href=\"http:\/\/www.frikirken.no\/\">Den Evangelisk Lutherske Frikirke<\/a> i Norge er i stadig vekst og har n\u00e5 80 menigheter med totalt 21\u00a0000 medlemmer. Misjon drives i flere land, og her hjemme satses det p\u00e5 \u00e5 danne stadig nye menigheter. Halden Frikirke ble dannet i 1877, og er en av de eldste Frikirke-menigheter.<\/p>\n<p>Halden Frikirke har ca.\u00a0300 medlemmer. Av disse er 30\u201340 barn under 15\u00a0\u00e5r. Menighetens m\u00f8ter og aktiviteter er \u00e5pne for alle interesserte.<\/p>\n<p>Vi\u00a0legger vekt p\u00e5 \u00e5 forene barn, unge, voksne og eldre til et kristent fellesskap med omsorg for hverandre. Tre ganger i halv\u00e5ret er det familiegudstjeneste hvor b\u00e5de store og sm\u00e5 deltar.<\/p>\n<p>Halden Frikirke eier <a title=\"Ytterb\u00f8l senter\" href=\"http:\/\/haldenfrikirke.no\/?page_id=57\">Ytterb\u00f8l senter for menighet og misjon<\/a>.<\/p>\n<p><a href=\"http:\/\/haldenfrikirke.no\/?page_id=674\">Klikk her<\/a> for \u00e5 l\u00e6re mer om kirkestrukturen i Den Evangeliske Lutherske Frikirken, og Halden Frikirken.<\/p>\n","protected":false},"excerpt":{"rendered":"<p>Halden Frikirke\u00a0er en del av et landsomfattende kirkesamfunn. Den Evangelisk Lutherske Frikirke i Norge er i stadig vekst og har n\u00e5 80 menigheter med totalt 21\u00a0000 medlemmer. Misjon drives i &hellip; <a href=\"https:\/\/haldenfrikirke.no\/?page_id=264\" class=\"more-link\">Fortsett \u00e5 lese <span class=\"screen-reader-text\">Om menigheten i dag<\/span> <span class=\"meta-nav\">&rarr;<\/span><\/a><\/p>\n","protected":false},"author":1,"featured_media":0,"parent":108,"menu_order":0,"comment_status":"closed","ping_status":"closed","template":"","meta":[],"_links":{"self":[{"href":"https:\/\/haldenfrikirke.no\/index.php?rest_route=\/wp\/v2\/pages\/264"}],"collection":[{"href":"https:\/\/haldenfrikirke.no\/index.php?rest_route=\/wp\/v2\/pages"}],"about":[{"href":"https:\/\/haldenfrikirke.no\/index.php?rest_route=\/wp\/v2\/types\/page"}],"author":[{"embeddable":true,"href":"https:\/\/haldenfrikirke.no\/index.php?rest_route=\/wp\/v2\/users\/1"}],"replies":[{"embeddable":true,"href":"https:\/\/haldenfrikirke.no\/index.php?rest_route=%2Fwp%2Fv2%2Fcomments&post=264"}],"version-history":[{"count":18,"href":"https:\/\/haldenfrikirke.no\/index.php?rest_route=\/wp\/v2\/pages\/264\/revisions"}],"predecessor-version":[{"id":715,"href":"https:\/\/haldenfrikirke.no\/index.php?rest_route=\/wp\/v2\/pages\/264\/revisions\/715"}],"up":[{"embeddable":true,"href":"https:\/\/haldenfrikirke.no\/index.php?rest_route=\/wp\/v2\/pages\/108"}],"wp:attachment":[{"href":"https:\/\/haldenfrikirke.no\/index.php?rest_route=%2Fwp%2Fv2%2Fmedia&parent=264"}],"curies":[{"name":"wp","href":"https:\/\/api.w.org\/{rel}","templated":true}]}}