{"id":377,"date":"2015-01-28T20:49:19","date_gmt":"2015-01-28T20:49:19","guid":{"rendered":"http:\/\/haldenfrikirke.no\/?page_id=377"},"modified":"2025-06-13T12:47:10","modified_gmt":"2025-06-13T12:47:10","slug":"menighetens-kontor-og-ansatte","status":"publish","type":"page","link":"https:\/\/haldenfrikirke.no\/?page_id=377","title":{"rendered":"Menighetens kontor og ansatte"},"content":{"rendered":"\n<h4>Kontor:<\/h4>\n\n\n\n<p>Menighetens kontor er i annekset s\u00f8r\u00f8st for kirken. N\u00e5r du f\u00f8lger den buede veggen fra kirkens fasade, f\u00e5r du annekset p\u00e5 din h\u00f8yre side, bak Laxegata 1.<\/p>\n\n\n\n<p>Kontorets telefonnr: 97 33 44 97.<\/p>\n\n\n\n<h4>Menighetens ansatte:<\/h4>\n\n\n\n<p><strong>Pastor Kjersti Gulli Petersen<br><\/strong>Mobli: 932 81 190<br>E-post: pastorhalden@frikirken.no<\/p>\n\n\n\n<figure class=\"wp-block-image size-large is-resized\"><a href=\"http:\/\/haldenfrikirke.no\/wp-content\/uploads\/2021\/08\/Pastor-Kjersti_64A8561_fotograf_Sunniva_Krovel-Velle_2020_nov.jpg\"><img loading=\"lazy\" src=\"http:\/\/haldenfrikirke.no\/wp-content\/uploads\/2021\/08\/Pastor-Kjersti_64A8561_fotograf_Sunniva_Krovel-Velle_2020_nov-819x1024.jpg\" alt=\"\" class=\"wp-image-3587\" width=\"203\" height=\"254\" srcset=\"https:\/\/haldenfrikirke.no\/wp-content\/uploads\/2021\/08\/Pastor-Kjersti_64A8561_fotograf_Sunniva_Krovel-Velle_2020_nov-819x1024.jpg 819w, https:\/\/haldenfrikirke.no\/wp-content\/uploads\/2021\/08\/Pastor-Kjersti_64A8561_fotograf_Sunniva_Krovel-Velle_2020_nov-240x300.jpg 240w, https:\/\/haldenfrikirke.no\/wp-content\/uploads\/2021\/08\/Pastor-Kjersti_64A8561_fotograf_Sunniva_Krovel-Velle_2020_nov-768x960.jpg 768w, https:\/\/haldenfrikirke.no\/wp-content\/uploads\/2021\/08\/Pastor-Kjersti_64A8561_fotograf_Sunniva_Krovel-Velle_2020_nov.jpg 1200w\" sizes=\"(max-width: 203px) 100vw, 203px\" \/><\/a><figcaption>Pastor Kjersti Gulli Petersen<br>Fotograf: Sunniva Kr\u00f8vel-Velle<\/figcaption><\/figure>\n\n\n\n<h4><\/h4>\n\n\n\n<p><strong>Barne- og ungdomsarbeider Lone Bjerke Falch<br><\/strong>Mobil: 412 48 802<br>E-post: lone.bjerke.falch@frikirken.no<\/p>\n\n\n\n<figure class=\"wp-block-image size-large is-resized\"><a href=\"https:\/\/haldenfrikirke.no\/wp-content\/uploads\/2025\/06\/Lone-B-Falch-mai-2024-korr-1.jpg\"><img loading=\"lazy\" src=\"https:\/\/haldenfrikirke.no\/wp-content\/uploads\/2025\/06\/Lone-B-Falch-mai-2024-korr-1-880x1024.jpg\" alt=\"\" class=\"wp-image-5678\" width=\"220\" height=\"256\" srcset=\"https:\/\/haldenfrikirke.no\/wp-content\/uploads\/2025\/06\/Lone-B-Falch-mai-2024-korr-1-880x1024.jpg 880w, https:\/\/haldenfrikirke.no\/wp-content\/uploads\/2025\/06\/Lone-B-Falch-mai-2024-korr-1-258x300.jpg 258w, https:\/\/haldenfrikirke.no\/wp-content\/uploads\/2025\/06\/Lone-B-Falch-mai-2024-korr-1-768x894.jpg 768w, https:\/\/haldenfrikirke.no\/wp-content\/uploads\/2025\/06\/Lone-B-Falch-mai-2024-korr-1-1320x1536.jpg 1320w, https:\/\/haldenfrikirke.no\/wp-content\/uploads\/2025\/06\/Lone-B-Falch-mai-2024-korr-1.jpg 1631w\" sizes=\"(max-width: 220px) 100vw, 220px\" \/><\/a><figcaption>Barne- og ungdomsarbeider Lone Bjerke Falch<\/figcaption><\/figure>\n","protected":false},"excerpt":{"rendered":"<p>Kontor: Menighetens kontor er i annekset s\u00f8r\u00f8st for kirken. N\u00e5r du f\u00f8lger den buede veggen fra kirkens fasade, f\u00e5r du annekset p\u00e5 din h\u00f8yre side, bak Laxegata 1. Kontorets telefonnr: &hellip; <a href=\"https:\/\/haldenfrikirke.no\/?page_id=377\" class=\"more-link\">Fortsett \u00e5 lese <span class=\"screen-reader-text\">Menighetens kontor og ansatte<\/span> <span class=\"meta-nav\">&rarr;<\/span><\/a><\/p>\n","protected":false},"author":1,"featured_media":0,"parent":36,"menu_order":0,"comment_status":"closed","ping_status":"open","template":"","meta":[],"_links":{"self":[{"href":"https:\/\/haldenfrikirke.no\/index.php?rest_route=\/wp\/v2\/pages\/377"}],"collection":[{"href":"https:\/\/haldenfrikirke.no\/index.php?rest_route=\/wp\/v2\/pages"}],"about":[{"href":"https:\/\/haldenfrikirke.no\/index.php?rest_route=\/wp\/v2\/types\/page"}],"author":[{"embeddable":true,"href":"https:\/\/haldenfrikirke.no\/index.php?rest_route=\/wp\/v2\/users\/1"}],"replies":[{"embeddable":true,"href":"https:\/\/haldenfrikirke.no\/index.php?rest_route=%2Fwp%2Fv2%2Fcomments&post=377"}],"version-history":[{"count":15,"href":"https:\/\/haldenfrikirke.no\/index.php?rest_route=\/wp\/v2\/pages\/377\/revisions"}],"predecessor-version":[{"id":5681,"href":"https:\/\/haldenfrikirke.no\/index.php?rest_route=\/wp\/v2\/pages\/377\/revisions\/5681"}],"up":[{"embeddable":true,"href":"https:\/\/haldenfrikirke.no\/index.php?rest_route=\/wp\/v2\/pages\/36"}],"wp:attachment":[{"href":"https:\/\/haldenfrikirke.no\/index.php?rest_route=%2Fwp%2Fv2%2Fmedia&parent=377"}],"curies":[{"name":"wp","href":"https:\/\/api.w.org\/{rel}","templated":true}]}}