{"id":42,"date":"2013-11-18T17:19:30","date_gmt":"2013-11-18T16:19:30","guid":{"rendered":"http:\/\/haldenfrikirke.wordpress.com\/?page_id=42"},"modified":"2015-08-20T18:43:17","modified_gmt":"2015-08-20T18:43:17","slug":"bibelgrupper","status":"publish","type":"page","link":"https:\/\/haldenfrikirke.no\/?page_id=42","title":{"rendered":"Bibelgrupper"},"content":{"rendered":"<p><a href=\"http:\/\/haldenfrikirke.no\/wp-content\/uploads\/2013\/11\/Fellowship-clipart.jpg\"><img loading=\"lazy\" class=\"aligncenter size-medium wp-image-677\" src=\"http:\/\/haldenfrikirke.no\/wp-content\/uploads\/2013\/11\/Fellowship-clipart-300x156.jpg\" alt=\"Fem mennesker som st\u00e5r kameratslig i lag. Illustrasjon.\" width=\"300\" height=\"156\" srcset=\"https:\/\/haldenfrikirke.no\/wp-content\/uploads\/2013\/11\/Fellowship-clipart-300x156.jpg 300w, https:\/\/haldenfrikirke.no\/wp-content\/uploads\/2013\/11\/Fellowship-clipart.jpg 689w\" sizes=\"(max-width: 300px) 100vw, 300px\" \/><\/a><\/p>\n<p>\u00c5 v\u00e6re med i et mindre fellesskap hvor en kan snakke sammen om troen og livet, s\u00f8ke etter svar i Bibelen og be sammen, oppleves av mange som verdifullt. En bibelgruppe gir deg denne muligheten.<\/p>\n<p>\u00d8nsker du \u00e5 bli med i en bibelgruppe ber vi deg ta kontakt med Simon Papworth, 97589416, <a href=\"mailto:simon.papworth@norskeskog.com\"><u>simon.papworth@norskeskog.com<\/u><\/a><\/p>\n<p>&nbsp;<\/p>\n","protected":false},"excerpt":{"rendered":"<p>\u00c5 v\u00e6re med i et mindre fellesskap hvor en kan snakke sammen om troen og livet, s\u00f8ke etter svar i Bibelen og be sammen, oppleves av mange som verdifullt. En &hellip; <a href=\"https:\/\/haldenfrikirke.no\/?page_id=42\" class=\"more-link\">Fortsett \u00e5 lese <span class=\"screen-reader-text\">Bibelgrupper<\/span> <span class=\"meta-nav\">&rarr;<\/span><\/a><\/p>\n","protected":false},"author":1,"featured_media":0,"parent":16,"menu_order":0,"comment_status":"closed","ping_status":"open","template":"","meta":[],"_links":{"self":[{"href":"https:\/\/haldenfrikirke.no\/index.php?rest_route=\/wp\/v2\/pages\/42"}],"collection":[{"href":"https:\/\/haldenfrikirke.no\/index.php?rest_route=\/wp\/v2\/pages"}],"about":[{"href":"https:\/\/haldenfrikirke.no\/index.php?rest_route=\/wp\/v2\/types\/page"}],"author":[{"embeddable":true,"href":"https:\/\/haldenfrikirke.no\/index.php?rest_route=\/wp\/v2\/users\/1"}],"replies":[{"embeddable":true,"href":"https:\/\/haldenfrikirke.no\/index.php?rest_route=%2Fwp%2Fv2%2Fcomments&post=42"}],"version-history":[{"count":3,"href":"https:\/\/haldenfrikirke.no\/index.php?rest_route=\/wp\/v2\/pages\/42\/revisions"}],"predecessor-version":[{"id":679,"href":"https:\/\/haldenfrikirke.no\/index.php?rest_route=\/wp\/v2\/pages\/42\/revisions\/679"}],"up":[{"embeddable":true,"href":"https:\/\/haldenfrikirke.no\/index.php?rest_route=\/wp\/v2\/pages\/16"}],"wp:attachment":[{"href":"https:\/\/haldenfrikirke.no\/index.php?rest_route=%2Fwp%2Fv2%2Fmedia&parent=42"}],"curies":[{"name":"wp","href":"https:\/\/api.w.org\/{rel}","templated":true}]}}