{"id":53,"date":"2013-11-18T17:25:10","date_gmt":"2013-11-18T16:25:10","guid":{"rendered":"http:\/\/haldenfrikirke.wordpress.com\/?page_id=53"},"modified":"2015-07-19T18:29:44","modified_gmt":"2015-07-19T18:29:44","slug":"historie","status":"publish","type":"page","link":"https:\/\/haldenfrikirke.no\/?page_id=53","title":{"rendered":"Historie"},"content":{"rendered":"<p><a href=\"http:\/\/haldenfrikirke.no\/wp-content\/uploads\/2013\/11\/001.jpg\"><img loading=\"lazy\" class=\"aligncenter size-large wp-image-582\" src=\"http:\/\/haldenfrikirke.no\/wp-content\/uploads\/2013\/11\/001-1024x716.jpg\" alt=\"Musikkforeningen i Halden Frikirke i 1890-\u00e5rene. Foto.\" width=\"474\" height=\"331\" srcset=\"https:\/\/haldenfrikirke.no\/wp-content\/uploads\/2013\/11\/001-1024x716.jpg 1024w, https:\/\/haldenfrikirke.no\/wp-content\/uploads\/2013\/11\/001-300x210.jpg 300w, https:\/\/haldenfrikirke.no\/wp-content\/uploads\/2013\/11\/001.jpg 1947w\" sizes=\"(max-width: 474px) 100vw, 474px\" \/><\/a><\/p>\n<p>Frikirkens f\u00f8rste menighet ble stiftet i Moss i 1877. Deretter fulgte menighetene i Horten (nedlagt), Arendal, Ris\u00f8r, Fredrikshald (Halden) og Kristiania (Oslo).<\/p>\n<p>P\u00e5 1800-tallet var det mange som arbeidet for \u00e5 forandre statskirken. Folk syntes det var galt at staten skulle styre kirken, blant annet ved \u00e5 utnevne prester. De reagerte ogs\u00e5 mot massealtergang og tvungen konfirmasjon. For Frikirken var de f\u00f8rste \u00e5rene preget av solid vekst, og denne veksten varte fram til rundt 1945. Etter noen ti\u00e5r med mindre endringer i medlemsmassen, har Frikirken de siste ti\u00e5rene f\u00e5tt flere nye menigheter og medlemmer.<\/p>\n<p>Frikirkens f\u00f8rste spede begynnelse i Halden, som den gang het Fredrikshald, kan spores tilbake til den frie indremisjonsforening. Blant disse &laquo;misjonsvennene&raquo; var det noen som lenge hadde \u00f8nsket \u00e5 danne en frimenighet. Det var et alvorlig skritt \u00e5 ta, men de fikk tro for at det var Guds vei og vilje. I 1877 meldte \u00e5tte av misjonsvennene seg ut av statskirken og dannet en evangelisk luthersk frikirke. Etter noen \u00e5r i leide lokaler, besluttet menigheten p\u00e5 25 medlemmer \u00e5 bygge sin egen kirke. I oktober 1880 var kirkebygget ferdig med en prislapp p\u00e5 10\u00a0847 kr, en betydelig sum etter datidens pengeverdi og l\u00f8nnsniv\u00e5.<\/p>\n<p>De f\u00f8rste \u00e5rene i eget bygg hadde menigheten en voldsom ekspansjon. Fra 1880 til 1890 \u00f8kte medlemstallet fra 28 til 266 s\u00e5kalte nattverdmedlemmer.<\/p>\n<p>(Tekst delvis l\u00e5nt fra Den Evangelisk Lutherske Frikirkes <a title=\"Den Evangelisk Lutherske Frikirke \u2013 Historien\" href=\"http:\/\/www.frikirken.no\/frikirken.no\/historien\" target=\"_blank\">nettsider<\/a> og jubileumsskriftet fra Halden Frikirkes 100-\u00e5rsjubileum i 1977.)<\/p>\n","protected":false},"excerpt":{"rendered":"<p>Frikirkens f\u00f8rste menighet ble stiftet i Moss i 1877. Deretter fulgte menighetene i Horten (nedlagt), Arendal, Ris\u00f8r, Fredrikshald (Halden) og Kristiania (Oslo). P\u00e5 1800-tallet var det mange som arbeidet for &hellip; <a href=\"https:\/\/haldenfrikirke.no\/?page_id=53\" class=\"more-link\">Fortsett \u00e5 lese <span class=\"screen-reader-text\">Historie<\/span> <span class=\"meta-nav\">&rarr;<\/span><\/a><\/p>\n","protected":false},"author":1,"featured_media":0,"parent":108,"menu_order":0,"comment_status":"closed","ping_status":"open","template":"","meta":[],"_links":{"self":[{"href":"https:\/\/haldenfrikirke.no\/index.php?rest_route=\/wp\/v2\/pages\/53"}],"collection":[{"href":"https:\/\/haldenfrikirke.no\/index.php?rest_route=\/wp\/v2\/pages"}],"about":[{"href":"https:\/\/haldenfrikirke.no\/index.php?rest_route=\/wp\/v2\/types\/page"}],"author":[{"embeddable":true,"href":"https:\/\/haldenfrikirke.no\/index.php?rest_route=\/wp\/v2\/users\/1"}],"replies":[{"embeddable":true,"href":"https:\/\/haldenfrikirke.no\/index.php?rest_route=%2Fwp%2Fv2%2Fcomments&post=53"}],"version-history":[{"count":6,"href":"https:\/\/haldenfrikirke.no\/index.php?rest_route=\/wp\/v2\/pages\/53\/revisions"}],"predecessor-version":[{"id":583,"href":"https:\/\/haldenfrikirke.no\/index.php?rest_route=\/wp\/v2\/pages\/53\/revisions\/583"}],"up":[{"embeddable":true,"href":"https:\/\/haldenfrikirke.no\/index.php?rest_route=\/wp\/v2\/pages\/108"}],"wp:attachment":[{"href":"https:\/\/haldenfrikirke.no\/index.php?rest_route=%2Fwp%2Fv2%2Fmedia&parent=53"}],"curies":[{"name":"wp","href":"https:\/\/api.w.org\/{rel}","templated":true}]}}