{"id":55,"date":"2013-11-18T17:25:28","date_gmt":"2013-11-18T16:25:28","guid":{"rendered":"http:\/\/haldenfrikirke.wordpress.com\/?page_id=55"},"modified":"2015-07-24T18:07:54","modified_gmt":"2015-07-24T18:07:54","slug":"kirkebygget","status":"publish","type":"page","link":"https:\/\/haldenfrikirke.no\/?page_id=55","title":{"rendered":"Kirkebygget"},"content":{"rendered":"<p>Halden Frikirke er en menighet som \u00f8nsker \u00e5 se framover. Derfor er vi hele tiden opptatt av \u00e5 ha gode og hensiktsmessige lokaler til menighetens arbeid.<\/p>\n<p><img loading=\"lazy\" class=\"aligncenter size-large wp-image-662\" src=\"http:\/\/haldenfrikirke.no\/wp-content\/uploads\/2013\/11\/003b-1024x754.jpg\" alt=\"Gammel kirkebygg Laxegata 3a\" width=\"474\" height=\"349\" srcset=\"https:\/\/haldenfrikirke.no\/wp-content\/uploads\/2013\/11\/003b-1024x754.jpg 1024w, https:\/\/haldenfrikirke.no\/wp-content\/uploads\/2013\/11\/003b-300x221.jpg 300w\" sizes=\"(max-width: 474px) 100vw, 474px\" \/><\/p>\n<p>Det gamle kirkebygget ble ferdig i 1880, og det store tilbygget med lillesal, kj\u00f8kken og leiligheter ble ferdig i 1889. Den gang var det bare 25 medlemmer i kirken, men de hadde en urokkelig tro til Gud og den sak de kjempet for.<\/p>\n<p><img loading=\"lazy\" class=\"  alignleft wp-image-288\" src=\"http:\/\/haldenfrikirke.no\/wp-content\/uploads\/2013\/11\/Gamle-kirkebygget.jpg\" alt=\"Gamle kirkebygget\" width=\"230\" height=\"172\" \/>Senere har kirkebygget blitt restaurert og bygd ut, sist med garderobe og toaletter i 1958. Kirkesalen har ogs\u00e5 blitt forandret og fornyet mange ganger.<\/p>\n<p>&nbsp;<\/p>\n<p>I flere \u00e5r ble det snakket om at menigheten trengte et nytt sidebygg i stedet for det gamle. Etter en iherdig innsats med mye dugnad, ble det nye tilbygget innvidd i 1999. Her har vi en kirkestue i tilknytning til kirkesalen, nye garderober, nye sanit\u00e6ranlegg, bedre aktivitetsrom for barne- og ungdomsarbeidet, enklere tilgang for bevegelseshemmede og st\u00f8rre kj\u00f8kken. Den nye kirkestua tjener ogs\u00e5 som tilleggsareal til hovedsalen slik at det til sammen er plass til n\u00e6rmere 250 mennesker.<\/p>\n<p><img loading=\"lazy\" class=\"  alignright wp-image-445\" src=\"http:\/\/haldenfrikirke.no\/wp-content\/uploads\/2013\/11\/side-1-bilde-1-frikirken2-1024x709.jpg\" alt=\"Dagens kirkebygg\" width=\"227\" height=\"157\" srcset=\"https:\/\/haldenfrikirke.no\/wp-content\/uploads\/2013\/11\/side-1-bilde-1-frikirken2-1024x709.jpg 1024w, https:\/\/haldenfrikirke.no\/wp-content\/uploads\/2013\/11\/side-1-bilde-1-frikirken2-300x208.jpg 300w\" sizes=\"(max-width: 227px) 100vw, 227px\" \/>I l\u00f8pet av 2000 fikk kirkebygget ny fasade, tiln\u00e6rmet slik den opprinnelig var. P\u00e5 denne m\u00e5ten vil det gamle og det nye tilpasses hverandre. Den endelige ferdigstillelsen skjedde sommeren 2001.<\/p>\n<p>I kirkens andre etasje er det et nyoppusset ungdomsrom med kj\u00f8kken, garderobe og toalett. I tredje etasje er det en liten leilighet.<\/p>\n<p>I tillegg til lokalene tilknyttet selve kirken, har vi ogs\u00e5 et anneks ved siden av. Der er det rom for barnearbeid samt kontor.<\/p>\n","protected":false},"excerpt":{"rendered":"<p>Halden Frikirke er en menighet som \u00f8nsker \u00e5 se framover. Derfor er vi hele tiden opptatt av \u00e5 ha gode og hensiktsmessige lokaler til menighetens arbeid. Det gamle kirkebygget ble &hellip; <a href=\"https:\/\/haldenfrikirke.no\/?page_id=55\" class=\"more-link\">Fortsett \u00e5 lese <span class=\"screen-reader-text\">Kirkebygget<\/span> <span class=\"meta-nav\">&rarr;<\/span><\/a><\/p>\n","protected":false},"author":1,"featured_media":0,"parent":108,"menu_order":0,"comment_status":"closed","ping_status":"open","template":"","meta":[],"_links":{"self":[{"href":"https:\/\/haldenfrikirke.no\/index.php?rest_route=\/wp\/v2\/pages\/55"}],"collection":[{"href":"https:\/\/haldenfrikirke.no\/index.php?rest_route=\/wp\/v2\/pages"}],"about":[{"href":"https:\/\/haldenfrikirke.no\/index.php?rest_route=\/wp\/v2\/types\/page"}],"author":[{"embeddable":true,"href":"https:\/\/haldenfrikirke.no\/index.php?rest_route=\/wp\/v2\/users\/1"}],"replies":[{"embeddable":true,"href":"https:\/\/haldenfrikirke.no\/index.php?rest_route=%2Fwp%2Fv2%2Fcomments&post=55"}],"version-history":[{"count":7,"href":"https:\/\/haldenfrikirke.no\/index.php?rest_route=\/wp\/v2\/pages\/55\/revisions"}],"predecessor-version":[{"id":663,"href":"https:\/\/haldenfrikirke.no\/index.php?rest_route=\/wp\/v2\/pages\/55\/revisions\/663"}],"up":[{"embeddable":true,"href":"https:\/\/haldenfrikirke.no\/index.php?rest_route=\/wp\/v2\/pages\/108"}],"wp:attachment":[{"href":"https:\/\/haldenfrikirke.no\/index.php?rest_route=%2Fwp%2Fv2%2Fmedia&parent=55"}],"curies":[{"name":"wp","href":"https:\/\/api.w.org\/{rel}","templated":true}]}}