{"id":57,"date":"2013-11-18T17:25:46","date_gmt":"2013-11-18T17:25:46","guid":{"rendered":"http:\/\/haldenfrikirke.wordpress.com\/?page_id=57"},"modified":"2024-05-07T11:56:40","modified_gmt":"2024-05-07T11:56:40","slug":"ytterbol-senter","status":"publish","type":"page","link":"https:\/\/haldenfrikirke.no\/?page_id=57","title":{"rendered":"Ytterb\u00f8l Senter for menighet og misjon"},"content":{"rendered":"<p><img loading=\"lazy\" class=\"  alignleft wp-image-291\" src=\"http:\/\/haldenfrikirke.no\/wp-content\/uploads\/2013\/11\/ytterbol.jpg\" alt=\"Ytterb\u00f8l Senter sett fra lufta. Foto.\" width=\"251\" height=\"177\" srcset=\"https:\/\/haldenfrikirke.no\/wp-content\/uploads\/2013\/11\/ytterbol.jpg 438w, https:\/\/haldenfrikirke.no\/wp-content\/uploads\/2013\/11\/ytterbol-300x212.jpg 300w\" sizes=\"(max-width: 251px) 100vw, 251px\" \/><strong>YTTERB\u00d8L SENTER ER N\u00c5 SOLGT, OG VIL FRA 1.JUNI 2024 IKKE LENGER V\u00c6RE I HALDEN FRIKIRKES EIE.<\/strong><\/p>\n<figure id=\"attachment_292\" aria-describedby=\"caption-attachment-292\" style=\"width: 640px\" class=\"wp-caption alignnone\"><img loading=\"lazy\" class=\"wp-image-292 size-full\" src=\"http:\/\/haldenfrikirke.no\/wp-content\/uploads\/2013\/11\/IMG_2966b.jpg\" alt=\"Hovedhuset. Foto.\" width=\"640\" height=\"360\" srcset=\"https:\/\/haldenfrikirke.no\/wp-content\/uploads\/2013\/11\/IMG_2966b.jpg 640w, https:\/\/haldenfrikirke.no\/wp-content\/uploads\/2013\/11\/IMG_2966b-300x169.jpg 300w\" sizes=\"(max-width: 640px) 100vw, 640px\" \/><figcaption id=\"caption-attachment-292\" class=\"wp-caption-text\">Hovedhuset<\/figcaption><\/figure>\n<figure id=\"attachment_293\" aria-describedby=\"caption-attachment-293\" style=\"width: 640px\" class=\"wp-caption alignnone\"><img loading=\"lazy\" class=\"wp-image-293 size-full\" src=\"http:\/\/haldenfrikirke.no\/wp-content\/uploads\/2013\/11\/IMG_2965b.jpg\" alt=\"Hytter. Foto.\" width=\"640\" height=\"317\" srcset=\"https:\/\/haldenfrikirke.no\/wp-content\/uploads\/2013\/11\/IMG_2965b.jpg 640w, https:\/\/haldenfrikirke.no\/wp-content\/uploads\/2013\/11\/IMG_2965b-300x149.jpg 300w\" sizes=\"(max-width: 640px) 100vw, 640px\" \/><figcaption id=\"caption-attachment-293\" class=\"wp-caption-text\">Hytter<\/figcaption><\/figure>\n","protected":false},"excerpt":{"rendered":"<p>YTTERB\u00d8L SENTER ER N\u00c5 SOLGT, OG VIL FRA 1.JUNI 2024 IKKE LENGER V\u00c6RE I HALDEN FRIKIRKES EIE.<\/p>\n","protected":false},"author":1,"featured_media":0,"parent":108,"menu_order":0,"comment_status":"closed","ping_status":"closed","template":"","meta":[],"_links":{"self":[{"href":"https:\/\/haldenfrikirke.no\/index.php?rest_route=\/wp\/v2\/pages\/57"}],"collection":[{"href":"https:\/\/haldenfrikirke.no\/index.php?rest_route=\/wp\/v2\/pages"}],"about":[{"href":"https:\/\/haldenfrikirke.no\/index.php?rest_route=\/wp\/v2\/types\/page"}],"author":[{"embeddable":true,"href":"https:\/\/haldenfrikirke.no\/index.php?rest_route=\/wp\/v2\/users\/1"}],"replies":[{"embeddable":true,"href":"https:\/\/haldenfrikirke.no\/index.php?rest_route=%2Fwp%2Fv2%2Fcomments&post=57"}],"version-history":[{"count":9,"href":"https:\/\/haldenfrikirke.no\/index.php?rest_route=\/wp\/v2\/pages\/57\/revisions"}],"predecessor-version":[{"id":4960,"href":"https:\/\/haldenfrikirke.no\/index.php?rest_route=\/wp\/v2\/pages\/57\/revisions\/4960"}],"up":[{"embeddable":true,"href":"https:\/\/haldenfrikirke.no\/index.php?rest_route=\/wp\/v2\/pages\/108"}],"wp:attachment":[{"href":"https:\/\/haldenfrikirke.no\/index.php?rest_route=%2Fwp%2Fv2%2Fmedia&parent=57"}],"curies":[{"name":"wp","href":"https:\/\/api.w.org\/{rel}","templated":true}]}}