{"id":59,"date":"2013-11-18T17:26:00","date_gmt":"2013-11-18T16:26:00","guid":{"rendered":"http:\/\/haldenfrikirke.wordpress.com\/?page_id=59"},"modified":"2026-01-05T14:05:58","modified_gmt":"2026-01-05T14:05:58","slug":"frikveld","status":"publish","type":"page","link":"https:\/\/haldenfrikirke.no\/?page_id=59","title":{"rendered":"Frikveld"},"content":{"rendered":"<h3>\u00a0<\/h3>\n<p>Velkommen til Frikveld!<\/p>\n<p>Er du mellom 13 og 18 \u00e5r? Da er dette stedet for deg! Annenhver fredag kl. 19.45\u201322.30 samles vi for \u00e5 ha det g\u00f8y, bli kjent med nye folk og f\u00e5 litt p\u00e5fyll til hverdagen i troen p\u00e5 Jesus.<\/p>\n<p>Vi starter kvelden med m\u00f8te der ungdomsbandet drar i gang stemningen, og det blir en kort og inspirerende andakt. Etterp\u00e5 \u00e5pner vi kafeen, det blir forskjellige aktiviteter og du kan slappe av og henge med venner.<\/p>\n<p>Du er hjertelig velkommen \u2013 vi gleder oss til \u00e5 se deg! Kom, kom!<\/p>\n<p><strong>Faste programposter:<\/strong><\/p>\n<p>Fellesskapsmiddag for alle som vil: Tacomiddag i kirken 18.45-19.30.<\/p>\n<p>20.00\u00a0 &#8211; 23.00<strong>\u00a0 Frikveld i Annekset<\/strong><\/p>\n<ul>\n<li>Ungdomsm\u00f8te<\/li>\n<li>Cafe med spill og morro<\/li>\n<li>Aktiviteter<\/li>\n<\/ul>\n<p><strong>Husk:\u00a0<\/strong> Det er alltid Tacomiddag for hele familien 19.00 &#8211; 20.00 , alts\u00e5 F\u00d8R Frikveld. Meld p\u00e5 antall som kommer til Lone Falch ( 41248802) innen onsdag samme uke.<\/p>\n<h4>Kontigent<\/h4>\n<p>Det koster ingen ting \u00e5 delta. Medlemmer betaler 50 kr per \u00e5r i medlemskontigent. Man trenger ikke \u00e5 v\u00e6re medlem for \u00e5 komme.<\/p>\n<p><span style=\"font-family: 'Arial Narrow','sans-serif';\"><span style=\"color: #000000;\">\u00a0<\/span><\/span><\/p>\n\n\n<p><\/p>\n","protected":false},"excerpt":{"rendered":"<p>\u00a0 Velkommen til Frikveld! Er du mellom 13 og 18 \u00e5r? Da er dette stedet for deg! Annenhver fredag kl. 19.45\u201322.30 samles vi for \u00e5 ha det g\u00f8y, bli kjent &hellip; <a href=\"https:\/\/haldenfrikirke.no\/?page_id=59\" class=\"more-link\">Fortsett \u00e5 lese <span class=\"screen-reader-text\">Frikveld<\/span> <span class=\"meta-nav\">&rarr;<\/span><\/a><\/p>\n","protected":false},"author":1,"featured_media":5550,"parent":111,"menu_order":0,"comment_status":"closed","ping_status":"open","template":"","meta":[],"_links":{"self":[{"href":"https:\/\/haldenfrikirke.no\/index.php?rest_route=\/wp\/v2\/pages\/59"}],"collection":[{"href":"https:\/\/haldenfrikirke.no\/index.php?rest_route=\/wp\/v2\/pages"}],"about":[{"href":"https:\/\/haldenfrikirke.no\/index.php?rest_route=\/wp\/v2\/types\/page"}],"author":[{"embeddable":true,"href":"https:\/\/haldenfrikirke.no\/index.php?rest_route=\/wp\/v2\/users\/1"}],"replies":[{"embeddable":true,"href":"https:\/\/haldenfrikirke.no\/index.php?rest_route=%2Fwp%2Fv2%2Fcomments&post=59"}],"version-history":[{"count":19,"href":"https:\/\/haldenfrikirke.no\/index.php?rest_route=\/wp\/v2\/pages\/59\/revisions"}],"predecessor-version":[{"id":6095,"href":"https:\/\/haldenfrikirke.no\/index.php?rest_route=\/wp\/v2\/pages\/59\/revisions\/6095"}],"up":[{"embeddable":true,"href":"https:\/\/haldenfrikirke.no\/index.php?rest_route=\/wp\/v2\/pages\/111"}],"wp:featuredmedia":[{"embeddable":true,"href":"https:\/\/haldenfrikirke.no\/index.php?rest_route=\/wp\/v2\/media\/5550"}],"wp:attachment":[{"href":"https:\/\/haldenfrikirke.no\/index.php?rest_route=%2Fwp%2Fv2%2Fmedia&parent=59"}],"curies":[{"name":"wp","href":"https:\/\/api.w.org\/{rel}","templated":true}]}}