{"id":65,"date":"2013-11-18T17:26:49","date_gmt":"2013-11-18T16:26:49","guid":{"rendered":"http:\/\/haldenfrikirke.wordpress.com\/?page_id=65"},"modified":"2024-01-18T09:18:06","modified_gmt":"2024-01-18T09:18:06","slug":"formiddagsvennene","status":"publish","type":"page","link":"https:\/\/haldenfrikirke.no\/?page_id=65","title":{"rendered":"Formiddagstreff"},"content":{"rendered":"\n<p><\/p>\n\n\n<h4>Hva<\/h4>\n<p>Dette er et sosialt samv\u00e6r med solid innhold servert med glimt i \u00f8yet! Programmet er rikholdig med foredrag, et ord for dagen, samtale, sang og musikk. Det serveres deilig mat og holdes loddsalg. Det er ofte bes\u00f8k av interessante foredragsholdere fra lokalomr\u00e5det.&nbsp;&laquo;Ord for dagen&raquo; holdes som&nbsp;oftest av en gjest, og noen ganger av menighetens pastor. Hvert \u00e5r f\u00f8r sommeren arrangeres det tur.<\/p>\n<h4><img loading=\"lazy\" class=\"alignnone wp-image-357 size-large\" src=\"http:\/\/haldenfrikirke.no\/wp-content\/uploads\/2013\/11\/Formiddagstreffet-1024x1024.jpg\" alt=\"Tre bilder fra formiddagstreffet. Foto.\" width=\"474\" height=\"474\" srcset=\"https:\/\/haldenfrikirke.no\/wp-content\/uploads\/2013\/11\/Formiddagstreffet-1024x1024.jpg 1024w, https:\/\/haldenfrikirke.no\/wp-content\/uploads\/2013\/11\/Formiddagstreffet-150x150.jpg 150w, https:\/\/haldenfrikirke.no\/wp-content\/uploads\/2013\/11\/Formiddagstreffet-300x300.jpg 300w, https:\/\/haldenfrikirke.no\/wp-content\/uploads\/2013\/11\/Formiddagstreffet.jpg 2000w\" sizes=\"(max-width: 474px) 100vw, 474px\" \/><\/h4>\n<h4>Hvor og n\u00e5r<\/h4>\n<p>Hver f\u00f8rste onsdag i m\u00e5neden&nbsp;kl. 11.30 i kirka.<br>V\u00e5ren 2024: 10.januar, 7.februar, 6.mars, 3.april, 8.mai og 12.juni (sommertur)<\/p>","protected":false},"excerpt":{"rendered":"<p>Hva Dette er et sosialt samv\u00e6r med solid innhold servert med glimt i \u00f8yet! Programmet er rikholdig med foredrag, et ord for dagen, samtale, sang og musikk. Det serveres deilig &hellip; <a href=\"https:\/\/haldenfrikirke.no\/?page_id=65\" class=\"more-link\">Fortsett \u00e5 lese <span class=\"screen-reader-text\">Formiddagstreff<\/span> <span class=\"meta-nav\">&rarr;<\/span><\/a><\/p>\n","protected":false},"author":1,"featured_media":0,"parent":16,"menu_order":0,"comment_status":"closed","ping_status":"open","template":"","meta":[],"_links":{"self":[{"href":"https:\/\/haldenfrikirke.no\/index.php?rest_route=\/wp\/v2\/pages\/65"}],"collection":[{"href":"https:\/\/haldenfrikirke.no\/index.php?rest_route=\/wp\/v2\/pages"}],"about":[{"href":"https:\/\/haldenfrikirke.no\/index.php?rest_route=\/wp\/v2\/types\/page"}],"author":[{"embeddable":true,"href":"https:\/\/haldenfrikirke.no\/index.php?rest_route=\/wp\/v2\/users\/1"}],"replies":[{"embeddable":true,"href":"https:\/\/haldenfrikirke.no\/index.php?rest_route=%2Fwp%2Fv2%2Fcomments&post=65"}],"version-history":[{"count":23,"href":"https:\/\/haldenfrikirke.no\/index.php?rest_route=\/wp\/v2\/pages\/65\/revisions"}],"predecessor-version":[{"id":4851,"href":"https:\/\/haldenfrikirke.no\/index.php?rest_route=\/wp\/v2\/pages\/65\/revisions\/4851"}],"up":[{"embeddable":true,"href":"https:\/\/haldenfrikirke.no\/index.php?rest_route=\/wp\/v2\/pages\/16"}],"wp:attachment":[{"href":"https:\/\/haldenfrikirke.no\/index.php?rest_route=%2Fwp%2Fv2%2Fmedia&parent=65"}],"curies":[{"name":"wp","href":"https:\/\/api.w.org\/{rel}","templated":true}]}}