{"id":674,"date":"2015-08-20T18:31:46","date_gmt":"2015-08-20T18:31:46","guid":{"rendered":"http:\/\/haldenfrikirke.no\/?page_id=674"},"modified":"2015-08-20T18:31:46","modified_gmt":"2015-08-20T18:31:46","slug":"kirkelig-struktur","status":"publish","type":"page","link":"https:\/\/haldenfrikirke.no\/?page_id=674","title":{"rendered":"Kirkelig struktur"},"content":{"rendered":"<p>Den Evangelisk Lutherske Frikirke har\u00a0<strong>en synodal struktur<\/strong>.<\/p>\n<p><strong>Synoden<\/strong>\u00a0er kirkesamfunnets h\u00f8yeste myndighet. Den best\u00e5r av representanter for samtlige menigheter. Hvert tredje \u00e5r samles synoden til\u00a0<strong>synodem\u00f8te<\/strong>, som er Frikirkens generalforsamling. Synoden har ansvar for fellesarbeid og vedtar lover og regler for kirkesamfunnet.<\/p>\n<p><strong>Synodestyret<\/strong>\u00a0leder kirkesamfunnet. Det har sju medlemmer som velges av det ordin\u00e6re synodem\u00f8tet. Formannen velges blant kirkens ordinerte. Nestformannen og ett styremedlem velges blant forstanderne, de \u00f8vrige styremedlemmene blant de eldste. Det velges to varamenn for forstanderne og tre varamenn for de eldste. Valgene gjelder for tre \u00e5r.<\/p>\n<p><strong>Synoder\u00e5det<\/strong>\u00a0er synodens l\u00e6reorgan. Det behandler l\u00e6resaker oversendt av synoden eller synodestyret. Synoder\u00e5det best\u00e5r av synodestyret og representanter fra hvert presbyterium (se nedenfor) valgt i henhold til reglement. Synodeformannen leder synoder\u00e5det og innkaller dette etter behov og minst \u00e9n gang hver synodeperiode.<\/p>\n<p><strong>Tilsynsomr\u00e5der<\/strong>: Frikirken er delt inn i fire\u00a0<a href=\"http:\/\/frikirken.no\/tilsynsomrader-presbyterier\"><u>tilsynsomr\u00e5der (presbyterier)<\/u><\/a>. P\u00e5 vegne av presbyteriestyrene ut\u00f8ver tilsynsmennene tilsyn med menighetene i det respektive tilsynsomr\u00e5de.<\/p>\n<p><strong>Menighetsm\u00f8tet<\/strong>\u00a0er menighetens \u00f8verste beslutningsorgan og avgj\u00f8r blant annet valg av pastor.<\/p>\n<p><strong>Eldster\u00e5det<\/strong>\u00a0er menighetens styre og ut\u00f8ver ansvaret for forkynnelse, sakramentforvaltning og sjelesorg, planlegging av menighetens virksomhet og har tilsyn med virkegrenene og godkjenner ledere. Eldster\u00e5dets myndighetsomr\u00e5de begrenses av de saker som avgj\u00f8res i diakonr\u00e5d, menighetsr\u00e5d og menighetsm\u00f8te.<\/p>\n","protected":false},"excerpt":{"rendered":"<p>Den Evangelisk Lutherske Frikirke har\u00a0en synodal struktur. Synoden\u00a0er kirkesamfunnets h\u00f8yeste myndighet. Den best\u00e5r av representanter for samtlige menigheter. Hvert tredje \u00e5r samles synoden til\u00a0synodem\u00f8te, som er Frikirkens generalforsamling. Synoden har &hellip; <a href=\"https:\/\/haldenfrikirke.no\/?page_id=674\" class=\"more-link\">Fortsett \u00e5 lese <span class=\"screen-reader-text\">Kirkelig struktur<\/span> <span class=\"meta-nav\">&rarr;<\/span><\/a><\/p>\n","protected":false},"author":1,"featured_media":0,"parent":264,"menu_order":0,"comment_status":"closed","ping_status":"closed","template":"","meta":[],"_links":{"self":[{"href":"https:\/\/haldenfrikirke.no\/index.php?rest_route=\/wp\/v2\/pages\/674"}],"collection":[{"href":"https:\/\/haldenfrikirke.no\/index.php?rest_route=\/wp\/v2\/pages"}],"about":[{"href":"https:\/\/haldenfrikirke.no\/index.php?rest_route=\/wp\/v2\/types\/page"}],"author":[{"embeddable":true,"href":"https:\/\/haldenfrikirke.no\/index.php?rest_route=\/wp\/v2\/users\/1"}],"replies":[{"embeddable":true,"href":"https:\/\/haldenfrikirke.no\/index.php?rest_route=%2Fwp%2Fv2%2Fcomments&post=674"}],"version-history":[{"count":1,"href":"https:\/\/haldenfrikirke.no\/index.php?rest_route=\/wp\/v2\/pages\/674\/revisions"}],"predecessor-version":[{"id":675,"href":"https:\/\/haldenfrikirke.no\/index.php?rest_route=\/wp\/v2\/pages\/674\/revisions\/675"}],"up":[{"embeddable":true,"href":"https:\/\/haldenfrikirke.no\/index.php?rest_route=\/wp\/v2\/pages\/264"}],"wp:attachment":[{"href":"https:\/\/haldenfrikirke.no\/index.php?rest_route=%2Fwp%2Fv2%2Fmedia&parent=674"}],"curies":[{"name":"wp","href":"https:\/\/api.w.org\/{rel}","templated":true}]}}