{"id":77,"date":"2013-11-18T17:30:26","date_gmt":"2013-11-18T16:30:26","guid":{"rendered":"http:\/\/haldenfrikirke.wordpress.com\/?page_id=77"},"modified":"2015-07-23T18:28:43","modified_gmt":"2015-07-23T18:28:43","slug":"hvordan-kan-jeg-tjene","status":"publish","type":"page","link":"https:\/\/haldenfrikirke.no\/?page_id=77","title":{"rendered":"Hvordan kan jeg bidra?"},"content":{"rendered":"<p><span style=\"color: #000000; font-family: Calibri;\">Halden Frikirke har et aktivt arbeid for de fleste aldersgrupper, helt fra s\u00f8ndagsskolen for de minste til formiddagstreffet for de godt voksne. Uten frivillig innsats fra menighetens folk, hadde ikke det v\u00e6rt mulig. Til sammen er det rundt 70 frivillige som stiller til mange ulike oppgaver.<\/span><\/p>\n<p><span style=\"color: #000000; font-family: Calibri;\">Har du lyst til \u00e5 bidra? Mulighetene er mange,\u00a0enten du liker \u00e5 st\u00e5 foran og lede eller bidra mer i bakgrunnen. Hvis du \u00f8nsker en tjeneste knyttet til en av aktivitetene p\u00e5 sidene\u00a0<a href=\"http:\/\/haldenfrikirke.no\/?page_id=111\">Barn og Unge<\/a> eller <a href=\"http:\/\/haldenfrikirke.no\/?page_id=16\">Aktiviteter<\/a>, kan du ta kontakt med\u00a0vedkommende\u00a0kontaktperson eller med\u00a0<a href=\"http:\/\/haldenfrikirke.no\/?page_id=377\">pastor<\/a>. Hvis du heller kan tenke deg en tjeneste knyttet til noe p\u00e5 listen nedenfor, eller har andre ideer om hva du kan bidra med, kan du ta kontakt med <a href=\"http:\/\/haldenfrikirke.no\/?page_id=377\">pastor<\/a>.<\/span><\/p>\n<ul>\n<li>Kirkevert<\/li>\n<li>Diakon<\/li>\n<li>Renhold<\/li>\n<li>Forb\u00f8nnstjeneste<\/li>\n<li>Musikk<\/li>\n<li>Kirkekaffe<\/li>\n<li>Bildeteknikk\/projektor<\/li>\n<li>Lydteknikk<\/li>\n<li>Websideutvikling<\/li>\n<\/ul>\n<blockquote><p><span style=\"color: #008000;\"><strong>\u00abTjen hverandre, hver og en med den n\u00e5degave han har f\u00e5tt, som gode forvaltere av Guds mangfoldige n\u00e5de.\u00bb 1. Pet 4,10.<\/strong><\/span><\/p><\/blockquote>\n","protected":false},"excerpt":{"rendered":"<p>Halden Frikirke har et aktivt arbeid for de fleste aldersgrupper, helt fra s\u00f8ndagsskolen for de minste til formiddagstreffet for de godt voksne. Uten frivillig innsats fra menighetens folk, hadde ikke &hellip; <a href=\"https:\/\/haldenfrikirke.no\/?page_id=77\" class=\"more-link\">Fortsett \u00e5 lese <span class=\"screen-reader-text\">Hvordan kan jeg bidra?<\/span> <span class=\"meta-nav\">&rarr;<\/span><\/a><\/p>\n","protected":false},"author":1,"featured_media":0,"parent":40,"menu_order":0,"comment_status":"closed","ping_status":"open","template":"","meta":[],"_links":{"self":[{"href":"https:\/\/haldenfrikirke.no\/index.php?rest_route=\/wp\/v2\/pages\/77"}],"collection":[{"href":"https:\/\/haldenfrikirke.no\/index.php?rest_route=\/wp\/v2\/pages"}],"about":[{"href":"https:\/\/haldenfrikirke.no\/index.php?rest_route=\/wp\/v2\/types\/page"}],"author":[{"embeddable":true,"href":"https:\/\/haldenfrikirke.no\/index.php?rest_route=\/wp\/v2\/users\/1"}],"replies":[{"embeddable":true,"href":"https:\/\/haldenfrikirke.no\/index.php?rest_route=%2Fwp%2Fv2%2Fcomments&post=77"}],"version-history":[{"count":13,"href":"https:\/\/haldenfrikirke.no\/index.php?rest_route=\/wp\/v2\/pages\/77\/revisions"}],"predecessor-version":[{"id":657,"href":"https:\/\/haldenfrikirke.no\/index.php?rest_route=\/wp\/v2\/pages\/77\/revisions\/657"}],"up":[{"embeddable":true,"href":"https:\/\/haldenfrikirke.no\/index.php?rest_route=\/wp\/v2\/pages\/40"}],"wp:attachment":[{"href":"https:\/\/haldenfrikirke.no\/index.php?rest_route=%2Fwp%2Fv2%2Fmedia&parent=77"}],"curies":[{"name":"wp","href":"https:\/\/api.w.org\/{rel}","templated":true}]}}