{"id":82,"date":"2013-11-18T19:07:57","date_gmt":"2013-11-18T18:07:57","guid":{"rendered":"http:\/\/haldenfrikirke.wordpress.com\/?page_id=82"},"modified":"2025-08-06T08:33:04","modified_gmt":"2025-08-06T08:33:04","slug":"konfirmasjon","status":"publish","type":"page","link":"https:\/\/haldenfrikirke.no\/?page_id=82","title":{"rendered":"Konfirmasjon"},"content":{"rendered":"<h4>Hva<\/h4>\n<p>Konfirmantopplegget strekker seg over et skole\u00e5r med undervisning hver fjortende dag og konfirmasjonsgudstjeneste siste s\u00f8ndag i april. Vi har et godt og n\u00e6rt samarbeid med de andre frikirkemenighetene i \u00d8stfold, med felles konfirmantleir p\u00e5 h\u00f8sten og et par m\u00f8tepunkter til.<\/p>\n<p>Du er velkommen som konfirmant i Frikirken selv om du ikke er medlem hos oss. Du trenger heller ikke \u00e5 v\u00e6re d\u00f8pt.<br \/>\nKonfirmantsamlingen starter i august, og selve konfirmasjonsdagen er, nesten uten unntak, siste s\u00f8ndag i april \u00e5ret etter.<\/p>\n<h4>Kontaktperson:<\/h4>\n<p>Lone Bjerke Falch<\/p>\n<p>Mobil : 41248802<\/p>\n<p>lone.bjerke.falch@frikirken.no<\/p>\n<p>Pastor Kjersti Gulli Petersen<br \/>\nMobil: 932 81 190<br \/>\nE-post: <a href=\"_wp_link_placeholder\" data-wplink-edit=\"true\">kgpetersen@outlook.com<\/a><\/p>\n","protected":false},"excerpt":{"rendered":"<p>Hva Konfirmantopplegget strekker seg over et skole\u00e5r med undervisning hver fjortende dag og konfirmasjonsgudstjeneste siste s\u00f8ndag i april. Vi har et godt og n\u00e6rt samarbeid med de andre frikirkemenighetene i &hellip; <a href=\"https:\/\/haldenfrikirke.no\/?page_id=82\" class=\"more-link\">Fortsett \u00e5 lese <span class=\"screen-reader-text\">Konfirmasjon<\/span> <span class=\"meta-nav\">&rarr;<\/span><\/a><\/p>\n","protected":false},"author":1,"featured_media":5821,"parent":111,"menu_order":0,"comment_status":"closed","ping_status":"open","template":"","meta":[],"_links":{"self":[{"href":"https:\/\/haldenfrikirke.no\/index.php?rest_route=\/wp\/v2\/pages\/82"}],"collection":[{"href":"https:\/\/haldenfrikirke.no\/index.php?rest_route=\/wp\/v2\/pages"}],"about":[{"href":"https:\/\/haldenfrikirke.no\/index.php?rest_route=\/wp\/v2\/types\/page"}],"author":[{"embeddable":true,"href":"https:\/\/haldenfrikirke.no\/index.php?rest_route=\/wp\/v2\/users\/1"}],"replies":[{"embeddable":true,"href":"https:\/\/haldenfrikirke.no\/index.php?rest_route=%2Fwp%2Fv2%2Fcomments&post=82"}],"version-history":[{"count":17,"href":"https:\/\/haldenfrikirke.no\/index.php?rest_route=\/wp\/v2\/pages\/82\/revisions"}],"predecessor-version":[{"id":5820,"href":"https:\/\/haldenfrikirke.no\/index.php?rest_route=\/wp\/v2\/pages\/82\/revisions\/5820"}],"up":[{"embeddable":true,"href":"https:\/\/haldenfrikirke.no\/index.php?rest_route=\/wp\/v2\/pages\/111"}],"wp:featuredmedia":[{"embeddable":true,"href":"https:\/\/haldenfrikirke.no\/index.php?rest_route=\/wp\/v2\/media\/5821"}],"wp:attachment":[{"href":"https:\/\/haldenfrikirke.no\/index.php?rest_route=%2Fwp%2Fv2%2Fmedia&parent=82"}],"curies":[{"name":"wp","href":"https:\/\/api.w.org\/{rel}","templated":true}]}}